{"id":2617,"date":"2024-06-05T16:28:51","date_gmt":"2024-06-05T16:28:51","guid":{"rendered":"https:\/\/skispirit.ee\/?post_type=product&#038;p=2617"},"modified":"2024-06-05T17:12:53","modified_gmt":"2024-06-05T17:12:53","slug":"toeta-meid","status":"publish","type":"product","link":"https:\/\/skispirit.ee\/en\/pood\/toeta-meid\/","title":{"rendered":"Support Us"},"content":{"rendered":"","protected":false},"excerpt":{"rendered":"<p>Here you can choose your donation size to help us on our way to the top. We are very grateful of all the support!<\/p>","protected":false},"featured_media":2619,"template":"","meta":{"_uag_custom_page_level_css":"","_monsterinsights_skip_tracking":false,"_monsterinsights_sitenote_active":false,"_monsterinsights_sitenote_note":"","_monsterinsights_sitenote_category":0,"site-sidebar-layout":"default","site-content-layout":"","ast-site-content-layout":"default","site-content-style":"default","site-sidebar-style":"default","ast-global-header-display":"","ast-banner-title-visibility":"","ast-main-header-display":"","ast-hfb-above-header-display":"","ast-hfb-below-header-display":"","ast-hfb-mobile-header-display":"","site-post-title":"","ast-breadcrumbs-content":"","ast-featured-img":"","footer-sml-layout":"","theme-transparent-header-meta":"default","adv-header-id-meta":"","stick-header-meta":"","header-above-stick-meta":"","header-main-stick-meta":"","header-below-stick-meta":"","astra-migrate-meta-layouts":"set","ast-page-background-enabled":"default","ast-page-background-meta":{"desktop":{"background-color":"","background-image":"","background-repeat":"repeat","background-position":"center center","background-size":"auto","background-attachment":"scroll","background-type":"","background-media":"","overlay-type":"","overlay-color":"","overlay-opacity":"","overlay-gradient":""},"tablet":{"background-color":"","background-image":"","background-repeat":"repeat","background-position":"center center","background-size":"auto","background-attachment":"scroll","background-type":"","background-media":"","overlay-type":"","overlay-color":"","overlay-opacity":"","overlay-gradient":""},"mobile":{"background-color":"","background-image":"","background-repeat":"repeat","background-position":"center center","background-size":"auto","background-attachment":"scroll","background-type":"","background-media":"","overlay-type":"","overlay-color":"","overlay-opacity":"","overlay-gradient":""}},"ast-content-background-meta":{"desktop":{"background-color":"var(--ast-global-color-5)","background-image":"","background-repeat":"repeat","background-position":"center center","background-size":"auto","background-attachment":"scroll","background-type":"","background-media":"","overlay-type":"","overlay-color":"","overlay-opacity":"","overlay-gradient":""},"tablet":{"background-color":"var(--ast-global-color-5)","background-image":"","background-repeat":"repeat","background-position":"center center","background-size":"auto","background-attachment":"scroll","background-type":"","background-media":"","overlay-type":"","overlay-color":"","overlay-opacity":"","overlay-gradient":""},"mobile":{"background-color":"var(--ast-global-color-5)","background-image":"","background-repeat":"repeat","background-position":"center center","background-size":"auto","background-attachment":"scroll","background-type":"","background-media":"","overlay-type":"","overlay-color":"","overlay-opacity":"","overlay-gradient":""}}},"product_brand":[],"product_cat":[27],"product_tag":[],"class_list":{"0":"post-2617","1":"product","2":"type-product","3":"status-publish","4":"has-post-thumbnail","6":"product_cat-uncategorized","7":"desktop-align-left","8":"tablet-align-left","9":"mobile-align-left","11":"first","12":"instock","13":"virtual","14":"purchasable","15":"product-type-simple","16":"nyp-product"},"jetpack_sharing_enabled":true,"uagb_featured_image_src":{"full":["https:\/\/skispirit.ee\/wp-content\/uploads\/2024\/06\/twins-ruut.png",850,850,false],"thumbnail":["https:\/\/skispirit.ee\/wp-content\/uploads\/2024\/06\/twins-ruut-150x150.png",150,150,true],"medium":["https:\/\/skispirit.ee\/wp-content\/uploads\/2024\/06\/twins-ruut-300x300.png",300,300,true],"medium_large":["https:\/\/skispirit.ee\/wp-content\/uploads\/2024\/06\/twins-ruut-768x768.png",768,768,true],"large":["https:\/\/skispirit.ee\/wp-content\/uploads\/2024\/06\/twins-ruut.png",850,850,false],"1536x1536":["https:\/\/skispirit.ee\/wp-content\/uploads\/2024\/06\/twins-ruut.png",850,850,false],"2048x2048":["https:\/\/skispirit.ee\/wp-content\/uploads\/2024\/06\/twins-ruut.png",850,850,false],"trp-custom-language-flag":["https:\/\/skispirit.ee\/wp-content\/uploads\/2024\/06\/twins-ruut.png",12,12,false],"woocommerce_thumbnail":["https:\/\/skispirit.ee\/wp-content\/uploads\/2024\/06\/twins-ruut-300x300.png",300,300,true],"woocommerce_single":["https:\/\/skispirit.ee\/wp-content\/uploads\/2024\/06\/twins-ruut-600x600.png",600,600,true],"woocommerce_gallery_thumbnail":["https:\/\/skispirit.ee\/wp-content\/uploads\/2024\/06\/twins-ruut-100x100.png",100,100,true]},"uagb_author_info":{"display_name":"Jaak","author_link":"https:\/\/skispirit.ee\/en\/author\/"},"uagb_comment_info":0,"uagb_excerpt":"Siin saad ise valida kui suure panuse soovid meie suusakarj\u00e4\u00e4ri edenemisele anda. Oleme igasuguse abi eest v\u00e4ga t\u00e4nulikud!","_links":{"self":[{"href":"https:\/\/skispirit.ee\/en\/wp-json\/wp\/v2\/product\/2617","targetHints":{"allow":["GET"]}}],"collection":[{"href":"https:\/\/skispirit.ee\/en\/wp-json\/wp\/v2\/product"}],"about":[{"href":"https:\/\/skispirit.ee\/en\/wp-json\/wp\/v2\/types\/product"}],"wp:featuredmedia":[{"embeddable":true,"href":"https:\/\/skispirit.ee\/en\/wp-json\/wp\/v2\/media\/2619"}],"wp:attachment":[{"href":"https:\/\/skispirit.ee\/en\/wp-json\/wp\/v2\/media?parent=2617"}],"wp:term":[{"taxonomy":"product_brand","embeddable":true,"href":"https:\/\/skispirit.ee\/en\/wp-json\/wp\/v2\/product_brand?post=2617"},{"taxonomy":"product_cat","embeddable":true,"href":"https:\/\/skispirit.ee\/en\/wp-json\/wp\/v2\/product_cat?post=2617"},{"taxonomy":"product_tag","embeddable":true,"href":"https:\/\/skispirit.ee\/en\/wp-json\/wp\/v2\/product_tag?post=2617"}],"curies":[{"name":"wp","href":"https:\/\/api.w.org\/{rel}","templated":true}]}}