{"id":2369,"date":"2024-04-26T07:39:35","date_gmt":"2024-04-26T07:39:35","guid":{"rendered":"https:\/\/skispirit.ee\/air\/"},"modified":"2024-06-07T05:42:08","modified_gmt":"2024-06-07T05:42:08","slug":"meist","status":"publish","type":"page","link":"https:\/\/skispirit.ee\/en\/meist\/","title":{"rendered":"About Us"},"content":{"rendered":"<div data-elementor-type=\"wp-page\" data-elementor-id=\"2369\" class=\"elementor elementor-2369\" data-elementor-post-type=\"page\">\n\t\t\t\t<div class=\"elementor-element elementor-element-7d548ce e-con-full e-flex e-con e-parent\" data-id=\"7d548ce\" data-element_type=\"container\" data-e-type=\"container\">\n\t\t<div class=\"elementor-element elementor-element-81a9134 e-con-full e-flex e-con e-child\" data-id=\"81a9134\" data-element_type=\"container\" data-e-type=\"container\" data-settings=\"{&quot;background_background&quot;:&quot;classic&quot;}\">\n\t\t<div class=\"elementor-element elementor-element-468bf401 e-con-full e-flex e-con e-child\" data-id=\"468bf401\" data-element_type=\"container\" data-e-type=\"container\">\n\t\t\t\t<div class=\"elementor-element elementor-element-3207a1db elementor-invisible elementor-widget elementor-widget-heading\" data-id=\"3207a1db\" data-element_type=\"widget\" data-e-type=\"widget\" data-settings=\"{&quot;_animation&quot;:&quot;slideInDown&quot;}\" data-widget_type=\"heading.default\">\n\t\t\t\t<div class=\"elementor-widget-container\">\n\t\t\t\t\t<h1 class=\"elementor-heading-title elementor-size-default\">About Us<\/h1>\t\t\t\t<\/div>\n\t\t\t\t<\/div>\n\t\t\t\t<div class=\"elementor-element elementor-element-2c19c431 elementor-widget elementor-widget-text-editor\" data-id=\"2c19c431\" data-element_type=\"widget\" data-e-type=\"widget\" data-widget_type=\"text-editor.default\">\n\t\t\t\t<div class=\"elementor-widget-container\">\n\t\t\t\t\t\t\t\t\t<p>We will tell you the story of our development as skiers...<\/p>\t\t\t\t\t\t\t\t<\/div>\n\t\t\t\t<\/div>\n\t\t\t\t<\/div>\n\t\t\t\t<\/div>\n\t\t<div class=\"elementor-element elementor-element-9ae0f5d e-con-full e-flex e-con e-child\" data-id=\"9ae0f5d\" data-element_type=\"container\" data-e-type=\"container\" data-settings=\"{&quot;background_background&quot;:&quot;classic&quot;}\">\n\t\t\t\t<\/div>\n\t\t\t\t<\/div>\n\t\t<div class=\"elementor-element elementor-element-56d91fcf e-con-full e-flex e-con e-parent\" data-id=\"56d91fcf\" data-element_type=\"container\" data-e-type=\"container\">\n\t\t<div class=\"elementor-element elementor-element-7cfd95ae e-con-full e-flex e-con e-child\" data-id=\"7cfd95ae\" data-element_type=\"container\" data-e-type=\"container\" data-settings=\"{&quot;background_background&quot;:&quot;classic&quot;}\">\n\t\t\t\t<div class=\"elementor-element elementor-element-eaf7142 elementor-widget elementor-widget-heading\" data-id=\"eaf7142\" data-element_type=\"widget\" data-e-type=\"widget\" data-widget_type=\"heading.default\">\n\t\t\t\t<div class=\"elementor-widget-container\">\n\t\t\t\t\t<h5 class=\"elementor-heading-title elementor-size-default\">Our Story<\/h5>\t\t\t\t<\/div>\n\t\t\t\t<\/div>\n\t\t\t\t<div class=\"elementor-element elementor-element-b8a2fb1 elementor-widget elementor-widget-text-editor\" data-id=\"b8a2fb1\" data-element_type=\"widget\" data-e-type=\"widget\" data-widget_type=\"text-editor.default\">\n\t\t\t\t<div class=\"elementor-widget-container\">\n\t\t\t\t\t\t\t\t\t<p><span style=\"font-weight: 400;\">We are twin sisters Kaidy and Keidy Kaasiku. We started engaging in sports under the guidance of our father at the age of 5. We began cross-country skiing training in the first grade, following the example of our older brother, under the coaching of Raido Rohi. Today, we are coached by Jaanus Teppan.\u00a0<\/span><\/p><p><span style=\"font-weight: 400;\">\u00a0Since we were young, we have engaged in various sports such as swimming, orienteering, and athletics, but cross-country skiing has always fascinated us the most. We have been involved in this sport for 15 years now. Our best results come from the last season, 2023\/2024, when Kaidy achieved 23rd place in the Falun World Cup 10km classic and 9th place in the U-23 World Championships in Planica in the 20km mass start freestyle. Similarly, Keidy's best results from the last season include 30th place in the Falun World Cup 20km mass start freestyle and 10th place in the U-23 World Championships in Planica in the 20km mass start freestyle. In the upcoming season, our focus is set on the adult World Championships in Trondheim and the Winter Universiade in Italy.\u00a0<\/span><\/p><p><span style=\"font-weight: 400;\">We haven't received an excessive amount of attention for being twins. We don't see it as a big problem either. We've never wanted to be in the spotlight, although moderate recognition is, of course, welcome. We'd rather have our results be the topic of conversation, rather than our similarity!<\/span><\/p><p><span style=\"font-weight: 400;\">We haven't even considered the possibility that one of us might quit or somehow step away from professional sports. If we move forward, it will always be together.<\/span><\/p><p><span style=\"font-weight: 400;\">Koos \u00f5pime Tartu \u00fclikoolis kehakultuuri teaduskonnas. \u00abKuna oleme \u00fclikooli vastu v\u00f5etud sportlaste eritingimustel, siis see annab meile v\u00f5imaluse \u00f5ppida osakoormusega ning \u00f5ppekava tuleb t\u00e4ita minimaalselt 30 EAPd aastas. See v\u00f5imaldab sporti ja \u00fclikooli\u00f5pinguid omavahel siduda.<\/span><\/p><p><span style=\"font-weight: 400;\">A large part of our free time is spent on studying, because otherwise, we wouldn't be able to keep up with the curriculum. It's much easier to study and do schoolwork together. We've done everything together and in sync since we were little, and this has also brought us success in sports. We want to be better than each other. If we weren't involved in professional sports, we would like to work as coaches or physical education teachers. We've thought that this would make us happy. We believe it's important for children to get involved from an early age\u00a0<\/span><\/p><p><span style=\"font-weight: 400;\">to catch the sports bug and the joy of movement from a young age and carry it with them. It's this dream that actually drives us to study this field.<\/span><\/p><p><span style=\"font-weight: 400;\">We live together in Tartu, and when we move back home to Aravete, we do so together. We are very family-oriented, and if we get a chance to go home, we never miss it. We are so grateful in hindsight that we got our driver's licenses while studying at Aravete High School. Even back then, we competed a lot and attended training camps, so it was quite difficult to fit in driving lessons. Fortunately, we managed, and now we mostly travel around Estonia by car.\u00a0<\/span><\/p><p><span style=\"font-weight: 400;\">Usually, we divide the driving so that one drives to the destination and the other drives back. When traveling abroad, of course, we fly, and there the coach takes on the responsibility. During the competition season and between training camps, we rarely get home. The first thing we do then is visit our grandparents who live nearby. The camps are long and tiring, and the fresh air at our grandparents' place in the countryside gives us new breath and energy. We also often try to train on our home trails, as they are away from the city noise, allowing us to work quietly and at our own pace. When we're home, we don't usually laze around. We enjoy spending time outdoors, going fishing and playing disc golf. In the spring, we help our family with tree planting. We've had a strong work ethic from a young age because\u00a0<\/span><\/p><p><span style=\"font-weight: 400;\">professional sports are expensive, and we have had to contribute to earning money for equipment through work. We have never had to motivate ourselves extra to go to training. It has been a natural part of the training process. When you know the season's goal and what you are striving for, it is easy to go to training.<\/span><\/p><p><span style=\"font-weight: 400;\">Following the success of the past season, we have set the goal for the next season to reach the top 15 in the team sprint finals and to compete for a spot among the top eight countries. In the long term, we are aiming for a place in the 2026 Winter Olympics, but the goal for the next season is to perform well at the World University Championships and the World Championships.\u00a0<\/span><\/p><p><br \/><br \/><\/p>\t\t\t\t\t\t\t\t<\/div>\n\t\t\t\t<\/div>\n\t\t\t\t<\/div>\n\t\t<div class=\"elementor-element elementor-element-4e3e72ab e-con-full e-flex e-con e-child\" data-id=\"4e3e72ab\" data-element_type=\"container\" data-e-type=\"container\">\n\t\t<div class=\"elementor-element elementor-element-5472afeb e-con-full e-flex e-con e-child\" data-id=\"5472afeb\" data-element_type=\"container\" data-e-type=\"container\" data-settings=\"{&quot;background_background&quot;:&quot;classic&quot;}\">\n\t\t\t\t<\/div>\n\t\t<div class=\"elementor-element elementor-element-590246fe e-con-full e-flex e-con e-child\" data-id=\"590246fe\" data-element_type=\"container\" data-e-type=\"container\" data-settings=\"{&quot;background_background&quot;:&quot;classic&quot;}\">\n\t\t\t\t<\/div>\n\t\t\t\t<\/div>\n\t\t\t\t<\/div>\n\t\t<div class=\"elementor-element elementor-element-1912b578 e-con-full e-flex e-con e-parent\" data-id=\"1912b578\" data-element_type=\"container\" data-e-type=\"container\">\n\t\t<div class=\"elementor-element elementor-element-114dd6b2 e-con-full e-flex e-con e-child\" data-id=\"114dd6b2\" data-element_type=\"container\" data-e-type=\"container\" data-settings=\"{&quot;background_background&quot;:&quot;classic&quot;}\">\n\t\t\t\t<\/div>\n\t\t<div class=\"elementor-element elementor-element-23ddd1f5 e-con-full e-flex e-con e-child\" data-id=\"23ddd1f5\" data-element_type=\"container\" data-e-type=\"container\" data-settings=\"{&quot;background_background&quot;:&quot;classic&quot;}\">\n\t\t\t\t<div class=\"elementor-element elementor-element-a5f6e7f elementor-widget elementor-widget-heading\" data-id=\"a5f6e7f\" data-element_type=\"widget\" data-e-type=\"widget\" data-widget_type=\"heading.default\">\n\t\t\t\t<div class=\"elementor-widget-container\">\n\t\t\t\t\t<h5 class=\"elementor-heading-title elementor-size-default\">OUR COACH JAANUS<\/h5>\t\t\t\t<\/div>\n\t\t\t\t<\/div>\n\t\t\t\t<div class=\"elementor-element elementor-element-fa44f6b elementor-widget elementor-widget-text-editor\" data-id=\"fa44f6b\" data-element_type=\"widget\" data-e-type=\"widget\" data-widget_type=\"text-editor.default\">\n\t\t\t\t<div class=\"elementor-widget-container\">\n\t\t\t\t\t\t\t\t\t<p><span style=\"font-weight: 400;\">\"I have been working with Kaidy and Keidy since the spring of 2018, when the non-profit organization Skispirit was founded. Since then, targeted training has taken place. Steady increase in workloads, purposeful and dedicated training are the keywords behind the sisters' progress. Every season, they become a step better. The 2024\/2025 season is the first season in the adult category, and the goal is to definitely improve the 29th and 30th places achieved in Planica at the World Championships in Trondheim and aim for spots among the top 20. Since the sisters are both very evenly matched, we will also focus on breaking into the top ten in the team sprint throughout the season in both the World Cup competitions and the World Championships.\"<\/span><\/p>\t\t\t\t\t\t\t\t<\/div>\n\t\t\t\t<\/div>\n\t\t\t\t<div class=\"elementor-element elementor-element-bd978c5 elementor-widget elementor-widget-text-editor\" data-id=\"bd978c5\" data-element_type=\"widget\" data-e-type=\"widget\" data-widget_type=\"text-editor.default\">\n\t\t\t\t<div class=\"elementor-widget-container\">\n\t\t\t\t\t\t\t\t\t<p><span style=\"font-weight: 400;\">Coach Jaanus's CV<\/span><\/p><p><span style=\"font-weight: 400;\">2023-2024<\/span> <span style=\"font-weight: 400;\">Eesti Suusaorienteerumise peatreener<\/span><\/p><p><span style=\"font-weight: 400;\">2020-2022<\/span> <span style=\"font-weight: 400;\">Eesti Suusaliidu murdmaasuusatamise peatreener<\/span><\/p><p><span style=\"font-weight: 400;\">2018-<\/span> <span style=\"font-weight: 400;\">MT\u00dc Team Skispirit treener<\/span><\/p><p><span style=\"font-weight: 400;\">2016-2018<\/span> <span style=\"font-weight: 400;\">Eesti Suusaliidu murdmaasuusatamise peatreener<\/span><\/p><p><span style=\"font-weight: 400;\">2009-2020<\/span> <span style=\"font-weight: 400;\">Spordiselts Sparta murdmaasuusatamise peatreener<\/span><\/p><p><span style=\"font-weight: 400;\">2006-2009<\/span> <span style=\"font-weight: 400;\">T\u00fcrgi murdmaasuusatamise koondise peatreener<\/span><\/p><p><span style=\"font-weight: 400;\">2004-2005<\/span> <span style=\"font-weight: 400;\">ESL Merko Teami treener<\/span><\/p><p><span style=\"font-weight: 400;\">2002-2004<\/span> <span style=\"font-weight: 400;\">ESL Eesti Telefon Teami treener<\/span><\/p><p><span style=\"font-weight: 400;\">2001-2006<\/span> <span style=\"font-weight: 400;\">Audentes AS Spordikooli Otep\u00e4\u00e4 filiaali treener<\/span><\/p><p><span style=\"font-weight: 400;\">2000-2002<\/span> <span style=\"font-weight: 400;\">ESL juunioride koondise treener<\/span><\/p><p><span style=\"font-weight: 400;\">2000-2001<\/span> <span style=\"font-weight: 400;\">Eesti Spordig\u00fcmnaasiumis suusatreener<\/span><\/p><p><span style=\"font-weight: 400;\">1997-2000<\/span> <span style=\"font-weight: 400;\"> ESL projekti TEAM 2000 treener<\/span><\/p><p><span style=\"font-weight: 400;\">1994-2000<\/span> <span style=\"font-weight: 400;\">Spordiseltsis Tartu Kalev suusatreenerina ja Tartu<\/span><\/p><p><span style=\"font-weight: 400;\">\u00a0<\/span> <span style=\"font-weight: 400;\">Suusaklubi treener<\/span><\/p>\t\t\t\t\t\t\t\t<\/div>\n\t\t\t\t<\/div>\n\t\t\t\t<\/div>\n\t\t\t\t<\/div>\n\t\t\t\t<\/div>","protected":false},"excerpt":{"rendered":"<p>Meist. R\u00e4\u00e4gime teile loo meie kujunemisest suusasportlasteks\u2026 Meie lugu Oleme kaksik\u00f5ed\u00a0Kaidy ja Keidy Kaasiku. Alustasime spordiga tegelemist isa juhendamisel 5 aasta vanuselt. Murdmaasuusatamise trenni j\u00f5udsime esimeses klassis, kui l\u00e4ksime vanema venna eeskujul Raido Rohi k\u00e4e alla treenima. T\u00e4nasel p\u00e4eval juhendab meid Jaanus Teppan.\u00a0 \u00a0Oleme v\u00e4iksest peale tegelenud erinevate aladega nagu ujumine, orienteerumine, kergej\u00f5ustik aga k\u00f5ige [\u2026]<\/p>","protected":false},"author":1,"featured_media":0,"parent":0,"menu_order":0,"comment_status":"closed","ping_status":"closed","template":"elementor_header_footer","meta":{"_uag_custom_page_level_css":"","_monsterinsights_skip_tracking":false,"_monsterinsights_sitenote_active":false,"_monsterinsights_sitenote_note":"","_monsterinsights_sitenote_category":0,"site-sidebar-layout":"default","site-content-layout":"","ast-site-content-layout":"default","site-content-style":"default","site-sidebar-style":"default","ast-global-header-display":"","ast-banner-title-visibility":"","ast-main-header-display":"","ast-hfb-above-header-display":"","ast-hfb-below-header-display":"","ast-hfb-mobile-header-display":"","site-post-title":"","ast-breadcrumbs-content":"","ast-featured-img":"","footer-sml-layout":"","theme-transparent-header-meta":"","adv-header-id-meta":"","stick-header-meta":"","header-above-stick-meta":"","header-main-stick-meta":"","header-below-stick-meta":"","astra-migrate-meta-layouts":"set","ast-page-background-enabled":"default","ast-page-background-meta":{"desktop":{"background-color":"","background-image":"","background-repeat":"repeat","background-position":"center center","background-size":"auto","background-attachment":"scroll","background-type":"","background-media":"","overlay-type":"","overlay-color":"","overlay-opacity":"","overlay-gradient":""},"tablet":{"background-color":"","background-image":"","background-repeat":"repeat","background-position":"center center","background-size":"auto","background-attachment":"scroll","background-type":"","background-media":"","overlay-type":"","overlay-color":"","overlay-opacity":"","overlay-gradient":""},"mobile":{"background-color":"","background-image":"","background-repeat":"repeat","background-position":"center center","background-size":"auto","background-attachment":"scroll","background-type":"","background-media":"","overlay-type":"","overlay-color":"","overlay-opacity":"","overlay-gradient":""}},"ast-content-background-meta":{"desktop":{"background-color":"var(--ast-global-color-5)","background-image":"","background-repeat":"repeat","background-position":"center center","background-size":"auto","background-attachment":"scroll","background-type":"","background-media":"","overlay-type":"","overlay-color":"","overlay-opacity":"","overlay-gradient":""},"tablet":{"background-color":"var(--ast-global-color-5)","background-image":"","background-repeat":"repeat","background-position":"center center","background-size":"auto","background-attachment":"scroll","background-type":"","background-media":"","overlay-type":"","overlay-color":"","overlay-opacity":"","overlay-gradient":""},"mobile":{"background-color":"var(--ast-global-color-5)","background-image":"","background-repeat":"repeat","background-position":"center center","background-size":"auto","background-attachment":"scroll","background-type":"","background-media":"","overlay-type":"","overlay-color":"","overlay-opacity":"","overlay-gradient":""}},"footnotes":""},"class_list":["post-2369","page","type-page","status-publish","hentry"],"jetpack_sharing_enabled":true,"uagb_featured_image_src":{"full":false,"thumbnail":false,"medium":false,"medium_large":false,"large":false,"1536x1536":false,"2048x2048":false,"trp-custom-language-flag":false,"woocommerce_thumbnail":false,"woocommerce_single":false,"woocommerce_gallery_thumbnail":false},"uagb_author_info":{"display_name":"skispirit.ee","author_link":"https:\/\/skispirit.ee\/en\/author\/skispirit-ee\/"},"uagb_comment_info":0,"uagb_excerpt":"Meist. R\u00e4\u00e4gime teile loo meie kujunemisest suusasportlasteks&#8230; Meie lugu Oleme kaksik\u00f5ed\u00a0Kaidy ja Keidy Kaasiku. Alustasime spordiga tegelemist isa juhendamisel 5 aasta vanuselt. Murdmaasuusatamise trenni j\u00f5udsime esimeses klassis, kui l\u00e4ksime vanema venna eeskujul Raido Rohi k\u00e4e alla treenima. T\u00e4nasel p\u00e4eval juhendab meid Jaanus Teppan.\u00a0 \u00a0Oleme v\u00e4iksest peale tegelenud erinevate aladega nagu ujumine, orienteerumine, kergej\u00f5ustik aga k\u00f5ige&hellip;","_links":{"self":[{"href":"https:\/\/skispirit.ee\/en\/wp-json\/wp\/v2\/pages\/2369","targetHints":{"allow":["GET"]}}],"collection":[{"href":"https:\/\/skispirit.ee\/en\/wp-json\/wp\/v2\/pages"}],"about":[{"href":"https:\/\/skispirit.ee\/en\/wp-json\/wp\/v2\/types\/page"}],"author":[{"embeddable":true,"href":"https:\/\/skispirit.ee\/en\/wp-json\/wp\/v2\/users\/1"}],"replies":[{"embeddable":true,"href":"https:\/\/skispirit.ee\/en\/wp-json\/wp\/v2\/comments?post=2369"}],"version-history":[{"count":17,"href":"https:\/\/skispirit.ee\/en\/wp-json\/wp\/v2\/pages\/2369\/revisions"}],"predecessor-version":[{"id":2816,"href":"https:\/\/skispirit.ee\/en\/wp-json\/wp\/v2\/pages\/2369\/revisions\/2816"}],"wp:attachment":[{"href":"https:\/\/skispirit.ee\/en\/wp-json\/wp\/v2\/media?parent=2369"}],"curies":[{"name":"wp","href":"https:\/\/api.w.org\/{rel}","templated":true}]}}