{"id":2347,"date":"2024-04-26T07:39:03","date_gmt":"2024-04-26T07:39:03","guid":{"rendered":"https:\/\/skispirit.ee\/water\/"},"modified":"2024-06-07T06:42:35","modified_gmt":"2024-06-07T06:42:35","slug":"toetajad","status":"publish","type":"page","link":"https:\/\/skispirit.ee\/en\/toetajad\/","title":{"rendered":"Our Partners"},"content":{"rendered":"<div data-elementor-type=\"wp-page\" data-elementor-id=\"2347\" class=\"elementor elementor-2347\" data-elementor-post-type=\"page\">\n\t\t\t\t<div class=\"elementor-element elementor-element-5897b501 e-con-full e-flex e-con e-parent\" data-id=\"5897b501\" data-element_type=\"container\" data-e-type=\"container\" data-settings=\"{&quot;background_background&quot;:&quot;classic&quot;}\">\n\t\t<a class=\"elementor-element elementor-element-5e7a38c1 e-con-full e-flex e-con e-child\" data-id=\"5e7a38c1\" data-element_type=\"container\" data-e-type=\"container\" data-settings=\"{&quot;background_background&quot;:&quot;classic&quot;}\" href=\"https:\/\/www.latter.ee\/\">\n\t\t\t\t<\/a>\n\t\t<div class=\"elementor-element elementor-element-a7830a2 e-con-full elementor-hidden-mobile e-flex e-con e-child\" data-id=\"a7830a2\" data-element_type=\"container\" data-e-type=\"container\" data-settings=\"{&quot;background_background&quot;:&quot;classic&quot;}\">\n\t\t\t\t<div class=\"elementor-element elementor-element-42b08b4 elementor-widget elementor-widget-heading\" data-id=\"42b08b4\" data-element_type=\"widget\" data-e-type=\"widget\" data-widget_type=\"heading.default\">\n\t\t\t\t<div class=\"elementor-widget-container\">\n\t\t\t\t\t<h2 class=\"elementor-heading-title elementor-size-default\">Latter<\/h2>\t\t\t\t<\/div>\n\t\t\t\t<\/div>\n\t\t\t\t<div class=\"elementor-element elementor-element-072bc3d elementor-widget elementor-widget-heading\" data-id=\"072bc3d\" data-element_type=\"widget\" data-e-type=\"widget\" data-widget_type=\"heading.default\">\n\t\t\t\t<div class=\"elementor-widget-container\">\n\t\t\t\t\t<h4 class=\"elementor-heading-title elementor-size-default\">The company's field of activity is the furnishing of cattle barns.<br> Supporter of the Kaasiku sisters since 2013.<\/h4>\t\t\t\t<\/div>\n\t\t\t\t<\/div>\n\t\t\t\t<\/div>\n\t\t\t\t<\/div>\n\t\t<div class=\"elementor-element elementor-element-9217398 e-con-full e-flex e-con e-parent\" data-id=\"9217398\" data-element_type=\"container\" data-e-type=\"container\" data-settings=\"{&quot;background_background&quot;:&quot;classic&quot;}\">\n\t\t<div class=\"elementor-element elementor-element-1118555 e-con-full elementor-hidden-mobile e-flex e-con e-child\" data-id=\"1118555\" data-element_type=\"container\" data-e-type=\"container\" data-settings=\"{&quot;background_background&quot;:&quot;classic&quot;}\">\n\t\t\t\t<div class=\"elementor-element elementor-element-0dd3366 elementor-widget elementor-widget-heading\" data-id=\"0dd3366\" data-element_type=\"widget\" data-e-type=\"widget\" data-widget_type=\"heading.default\">\n\t\t\t\t<div class=\"elementor-widget-container\">\n\t\t\t\t\t<h2 class=\"elementor-heading-title elementor-size-default\">Tornator<\/h2>\t\t\t\t<\/div>\n\t\t\t\t<\/div>\n\t\t\t\t<div class=\"elementor-element elementor-element-cb3d53a elementor-widget elementor-widget-heading\" data-id=\"cb3d53a\" data-element_type=\"widget\" data-e-type=\"widget\" data-widget_type=\"heading.default\">\n\t\t\t\t<div class=\"elementor-widget-container\">\n\t\t\t\t\t<h4 class=\"elementor-heading-title elementor-size-default\">The main activities of the Tornator Group are the sustainable management of forests and the sale of logging rights.<br> Supporter of the Kaasiku sisters since 2013.<\/h4>\t\t\t\t<\/div>\n\t\t\t\t<\/div>\n\t\t\t\t<\/div>\n\t\t<a class=\"elementor-element elementor-element-28bc971 e-con-full e-flex e-con e-child\" data-id=\"28bc971\" data-element_type=\"container\" data-e-type=\"container\" data-settings=\"{&quot;background_background&quot;:&quot;classic&quot;}\" href=\"https:\/\/www.tornator.fi\/et\/\">\n\t\t\t\t<\/a>\n\t\t\t\t<\/div>\n\t\t<div class=\"elementor-element elementor-element-6f7ca75 elementor-hidden-mobile e-flex e-con-boxed e-con e-parent\" data-id=\"6f7ca75\" data-element_type=\"container\" data-e-type=\"container\" data-settings=\"{&quot;background_background&quot;:&quot;classic&quot;}\">\n\t\t\t\t\t<div class=\"e-con-inner\">\n\t\t\t\t\t<\/div>\n\t\t\t\t<\/div>\n\t\t<div class=\"elementor-element elementor-element-964e056 e-con-full e-flex e-con e-parent\" data-id=\"964e056\" data-element_type=\"container\" data-e-type=\"container\" data-settings=\"{&quot;background_background&quot;:&quot;classic&quot;}\">\n\t\t<a class=\"elementor-element elementor-element-841b7ce e-con-full e-flex e-con e-child\" data-id=\"841b7ce\" data-element_type=\"container\" data-e-type=\"container\" data-settings=\"{&quot;background_background&quot;:&quot;classic&quot;}\" href=\"https:\/\/silen.com\/en\/\">\n\t\t\t\t<\/a>\n\t\t<div class=\"elementor-element elementor-element-38629ec e-con-full elementor-hidden-mobile e-flex e-con e-child\" data-id=\"38629ec\" data-element_type=\"container\" data-e-type=\"container\" data-settings=\"{&quot;background_background&quot;:&quot;classic&quot;}\">\n\t\t\t\t<div class=\"elementor-element elementor-element-180ec96 elementor-widget elementor-widget-heading\" data-id=\"180ec96\" data-element_type=\"widget\" data-e-type=\"widget\" data-widget_type=\"heading.default\">\n\t\t\t\t<div class=\"elementor-widget-container\">\n\t\t\t\t\t<h2 class=\"elementor-heading-title elementor-size-default\">silen<\/h2>\t\t\t\t<\/div>\n\t\t\t\t<\/div>\n\t\t\t\t<div class=\"elementor-element elementor-element-28f8b42 elementor-widget elementor-widget-heading\" data-id=\"28f8b42\" data-element_type=\"widget\" data-e-type=\"widget\" data-widget_type=\"heading.default\">\n\t\t\t\t<div class=\"elementor-widget-container\">\n\t\t\t\t\t<h4 class=\"elementor-heading-title elementor-size-default\">Silen's field of activity is the production, sale, and rental of silent rooms.<br> Supporter of the Kaasiku sisters since 2022.<\/h4>\t\t\t\t<\/div>\n\t\t\t\t<\/div>\n\t\t\t\t<\/div>\n\t\t\t\t<\/div>\n\t\t<div class=\"elementor-element elementor-element-c28aeb0 e-con-full e-flex e-con e-parent\" data-id=\"c28aeb0\" data-element_type=\"container\" data-e-type=\"container\" data-settings=\"{&quot;background_background&quot;:&quot;classic&quot;}\">\n\t\t<div class=\"elementor-element elementor-element-f4e59cc e-con-full elementor-hidden-mobile e-flex e-con e-child\" data-id=\"f4e59cc\" data-element_type=\"container\" data-e-type=\"container\" data-settings=\"{&quot;background_background&quot;:&quot;classic&quot;}\">\n\t\t\t\t<div class=\"elementor-element elementor-element-06cf5f4 elementor-widget elementor-widget-heading\" data-id=\"06cf5f4\" data-element_type=\"widget\" data-e-type=\"widget\" data-widget_type=\"heading.default\">\n\t\t\t\t<div class=\"elementor-widget-container\">\n\t\t\t\t\t<h2 class=\"elementor-heading-title elementor-size-default\">Liputehas.ee<\/h2>\t\t\t\t<\/div>\n\t\t\t\t<\/div>\n\t\t\t\t<div class=\"elementor-element elementor-element-6c8e593 elementor-widget elementor-widget-heading\" data-id=\"6c8e593\" data-element_type=\"widget\" data-e-type=\"widget\" data-widget_type=\"heading.default\">\n\t\t\t\t<div class=\"elementor-widget-container\">\n\t\t\t\t\t<h4 class=\"elementor-heading-title elementor-size-default\">Liputehas O\u00dc was established in 2003, and its main activities are the production and distribution of national and logo flags. <br> Supporter of the Kaasiku sisters since 2022.<\/h4>\t\t\t\t<\/div>\n\t\t\t\t<\/div>\n\t\t\t\t<\/div>\n\t\t<a class=\"elementor-element elementor-element-561aabb e-con-full e-flex e-con e-child\" data-id=\"561aabb\" data-element_type=\"container\" data-e-type=\"container\" data-settings=\"{&quot;background_background&quot;:&quot;classic&quot;}\" href=\"https:\/\/liputehas.ee\/\">\n\t\t\t\t<\/a>\n\t\t\t\t<\/div>\n\t\t<div class=\"elementor-element elementor-element-023f510 elementor-hidden-mobile e-flex e-con-boxed e-con e-parent\" data-id=\"023f510\" data-element_type=\"container\" data-e-type=\"container\" data-settings=\"{&quot;background_background&quot;:&quot;classic&quot;}\">\n\t\t\t\t\t<div class=\"e-con-inner\">\n\t\t\t\t\t<\/div>\n\t\t\t\t<\/div>\n\t\t<div class=\"elementor-element elementor-element-308cb92 e-con-full e-flex e-con e-parent\" data-id=\"308cb92\" data-element_type=\"container\" data-e-type=\"container\" data-settings=\"{&quot;background_background&quot;:&quot;classic&quot;}\">\n\t\t<a class=\"elementor-element elementor-element-ef23be7 e-con-full e-flex e-con e-child\" data-id=\"ef23be7\" data-element_type=\"container\" data-e-type=\"container\" data-settings=\"{&quot;background_background&quot;:&quot;classic&quot;}\" href=\"https:\/\/www.triston.ee\/\">\n\t\t\t\t<\/a>\n\t\t<div class=\"elementor-element elementor-element-ba6d42c e-con-full elementor-hidden-mobile e-flex e-con e-child\" data-id=\"ba6d42c\" data-element_type=\"container\" data-e-type=\"container\" data-settings=\"{&quot;background_background&quot;:&quot;classic&quot;}\">\n\t\t\t\t<div class=\"elementor-element elementor-element-d5155d0 elementor-widget elementor-widget-heading\" data-id=\"d5155d0\" data-element_type=\"widget\" data-e-type=\"widget\" data-widget_type=\"heading.default\">\n\t\t\t\t<div class=\"elementor-widget-container\">\n\t\t\t\t\t<h2 class=\"elementor-heading-title elementor-size-default\">Triston<\/h2>\t\t\t\t<\/div>\n\t\t\t\t<\/div>\n\t\t\t\t<div class=\"elementor-element elementor-element-71c0323 elementor-widget elementor-widget-heading\" data-id=\"71c0323\" data-element_type=\"widget\" data-e-type=\"widget\" data-widget_type=\"heading.default\">\n\t\t\t\t<div class=\"elementor-widget-container\">\n\t\t\t\t\t<h4 class=\"elementor-heading-title elementor-size-default\">Triston O\u00dc started its operations in 1996. The company specializes in the import of ceramic tiles.<br> Supporter of the Kaasiku sisters since 2022.<\/h4>\t\t\t\t<\/div>\n\t\t\t\t<\/div>\n\t\t\t\t<\/div>\n\t\t\t\t<\/div>\n\t\t<div class=\"elementor-element elementor-element-2973177 e-con-full e-flex e-con e-parent\" data-id=\"2973177\" data-element_type=\"container\" data-e-type=\"container\" data-settings=\"{&quot;background_background&quot;:&quot;classic&quot;}\">\n\t\t<a class=\"elementor-element elementor-element-f4002a0 e-con-full e-flex e-con e-child\" data-id=\"f4002a0\" data-element_type=\"container\" data-e-type=\"container\" data-settings=\"{&quot;background_background&quot;:&quot;classic&quot;}\" href=\"https:\/\/grynefee.ee\/\">\n\t\t\t\t<\/a>\n\t\t<div class=\"elementor-element elementor-element-f9627db e-con-full elementor-hidden-mobile e-flex e-con e-child\" data-id=\"f9627db\" data-element_type=\"container\" data-e-type=\"container\" data-settings=\"{&quot;background_background&quot;:&quot;classic&quot;}\">\n\t\t\t\t<div class=\"elementor-element elementor-element-e3e5746 elementor-widget elementor-widget-heading\" data-id=\"e3e5746\" data-element_type=\"widget\" data-e-type=\"widget\" data-widget_type=\"heading.default\">\n\t\t\t\t<div class=\"elementor-widget-container\">\n\t\t\t\t\t<h2 class=\"elementor-heading-title elementor-size-default\">Gr\u00fcne Fee<\/h2>\t\t\t\t<\/div>\n\t\t\t\t<\/div>\n\t\t\t\t<div class=\"elementor-element elementor-element-1071d41 elementor-widget elementor-widget-heading\" data-id=\"1071d41\" data-element_type=\"widget\" data-e-type=\"widget\" data-widget_type=\"heading.default\">\n\t\t\t\t<div class=\"elementor-widget-container\">\n\t\t\t\t\t<h4 class=\"elementor-heading-title elementor-size-default\">The company's main activity is the year-round cultivation of cucumbers, lettuce, and herbs for Estonian tables.<br> Supporter of the Kaasiku sisters since 2022.<\/h4>\t\t\t\t<\/div>\n\t\t\t\t<\/div>\n\t\t\t\t<\/div>\n\t\t\t\t<\/div>\n\t\t<div class=\"elementor-element elementor-element-8c28665 elementor-hidden-mobile e-flex e-con-boxed e-con e-parent\" data-id=\"8c28665\" data-element_type=\"container\" data-e-type=\"container\" data-settings=\"{&quot;background_background&quot;:&quot;classic&quot;}\">\n\t\t\t\t\t<div class=\"e-con-inner\">\n\t\t\t\t\t<\/div>\n\t\t\t\t<\/div>\n\t\t<div class=\"elementor-element elementor-element-7e230fa e-con-full e-flex e-con e-parent\" data-id=\"7e230fa\" data-element_type=\"container\" data-e-type=\"container\" data-settings=\"{&quot;background_background&quot;:&quot;classic&quot;}\">\n\t\t<div class=\"elementor-element elementor-element-e860676 e-con-full elementor-hidden-mobile e-flex e-con e-child\" data-id=\"e860676\" data-element_type=\"container\" data-e-type=\"container\" data-settings=\"{&quot;background_background&quot;:&quot;classic&quot;}\">\n\t\t\t\t<div class=\"elementor-element elementor-element-7a0f256 elementor-widget elementor-widget-heading\" data-id=\"7a0f256\" data-element_type=\"widget\" data-e-type=\"widget\" data-widget_type=\"heading.default\">\n\t\t\t\t<div class=\"elementor-widget-container\">\n\t\t\t\t\t<h2 class=\"elementor-heading-title elementor-size-default\">Farm24<\/h2>\t\t\t\t<\/div>\n\t\t\t\t<\/div>\n\t\t\t\t<div class=\"elementor-element elementor-element-93a0460 elementor-widget elementor-widget-heading\" data-id=\"93a0460\" data-element_type=\"widget\" data-e-type=\"widget\" data-widget_type=\"heading.default\">\n\t\t\t\t<div class=\"elementor-widget-container\">\n\t\t\t\t\t<h4 class=\"elementor-heading-title elementor-size-default\">Farm24 is an online store for livestock supplies.<br> \u00d5dede Kaasikute toetaja aastast 2013.<\/h4>\t\t\t\t<\/div>\n\t\t\t\t<\/div>\n\t\t\t\t<\/div>\n\t\t<a class=\"elementor-element elementor-element-2610f77 e-con-full e-flex e-con e-child\" data-id=\"2610f77\" data-element_type=\"container\" data-e-type=\"container\" data-settings=\"{&quot;background_background&quot;:&quot;classic&quot;}\" href=\"https:\/\/farm24.ee\/\">\n\t\t\t\t<\/a>\n\t\t\t\t<\/div>\n\t\t\t\t<\/div>","protected":false},"excerpt":{"rendered":"<p>Latter Ettev\u00f5tte tegevusalaks on karjalautade sisustamine. \u00d5dede Kaasikute toetaja juba aastast 2013. Tornator Tornator grupi peamisteks tegevusaladeks on metsade heaperemehelik majandamine ja raie\u00f5iguse m\u00fc\u00fck. \u00d5dede Kaasikute toetaja juba aastast 2013. silen Sileni tegevusalaks on vaikuseruumide tootmine, m\u00fc\u00fcmine ja rentimine. \u00d5dede Kaasikute toetaja aastast 2022. Liputehas.ee Liputehas O\u00dc on loodud 2003. aastal ja tema p\u00f5hitegevuseks on [\u2026]<\/p>","protected":false},"author":1,"featured_media":0,"parent":0,"menu_order":0,"comment_status":"closed","ping_status":"closed","template":"elementor_header_footer","meta":{"_uag_custom_page_level_css":"","_monsterinsights_skip_tracking":false,"_monsterinsights_sitenote_active":false,"_monsterinsights_sitenote_note":"","_monsterinsights_sitenote_category":0,"site-sidebar-layout":"default","site-content-layout":"","ast-site-content-layout":"default","site-content-style":"default","site-sidebar-style":"default","ast-global-header-display":"","ast-banner-title-visibility":"","ast-main-header-display":"","ast-hfb-above-header-display":"","ast-hfb-below-header-display":"","ast-hfb-mobile-header-display":"","site-post-title":"","ast-breadcrumbs-content":"","ast-featured-img":"","footer-sml-layout":"","theme-transparent-header-meta":"","adv-header-id-meta":"","stick-header-meta":"","header-above-stick-meta":"","header-main-stick-meta":"","header-below-stick-meta":"","astra-migrate-meta-layouts":"set","ast-page-background-enabled":"default","ast-page-background-meta":{"desktop":{"background-color":"","background-image":"","background-repeat":"repeat","background-position":"center center","background-size":"auto","background-attachment":"scroll","background-type":"","background-media":"","overlay-type":"","overlay-color":"","overlay-opacity":"","overlay-gradient":""},"tablet":{"background-color":"","background-image":"","background-repeat":"repeat","background-position":"center center","background-size":"auto","background-attachment":"scroll","background-type":"","background-media":"","overlay-type":"","overlay-color":"","overlay-opacity":"","overlay-gradient":""},"mobile":{"background-color":"","background-image":"","background-repeat":"repeat","background-position":"center center","background-size":"auto","background-attachment":"scroll","background-type":"","background-media":"","overlay-type":"","overlay-color":"","overlay-opacity":"","overlay-gradient":""}},"ast-content-background-meta":{"desktop":{"background-color":"var(--ast-global-color-5)","background-image":"","background-repeat":"repeat","background-position":"center center","background-size":"auto","background-attachment":"scroll","background-type":"","background-media":"","overlay-type":"","overlay-color":"","overlay-opacity":"","overlay-gradient":""},"tablet":{"background-color":"var(--ast-global-color-5)","background-image":"","background-repeat":"repeat","background-position":"center center","background-size":"auto","background-attachment":"scroll","background-type":"","background-media":"","overlay-type":"","overlay-color":"","overlay-opacity":"","overlay-gradient":""},"mobile":{"background-color":"var(--ast-global-color-5)","background-image":"","background-repeat":"repeat","background-position":"center center","background-size":"auto","background-attachment":"scroll","background-type":"","background-media":"","overlay-type":"","overlay-color":"","overlay-opacity":"","overlay-gradient":""}},"footnotes":""},"class_list":["post-2347","page","type-page","status-publish","hentry"],"jetpack_sharing_enabled":true,"uagb_featured_image_src":{"full":false,"thumbnail":false,"medium":false,"medium_large":false,"large":false,"1536x1536":false,"2048x2048":false,"trp-custom-language-flag":false,"woocommerce_thumbnail":false,"woocommerce_single":false,"woocommerce_gallery_thumbnail":false},"uagb_author_info":{"display_name":"skispirit.ee","author_link":"https:\/\/skispirit.ee\/en\/author\/skispirit-ee\/"},"uagb_comment_info":0,"uagb_excerpt":"Latter Ettev\u00f5tte tegevusalaks on karjalautade sisustamine. \u00d5dede Kaasikute toetaja juba aastast 2013. Tornator Tornator grupi peamisteks tegevusaladeks on metsade heaperemehelik majandamine ja raie\u00f5iguse m\u00fc\u00fck. \u00d5dede Kaasikute toetaja juba aastast 2013. silen Sileni tegevusalaks on vaikuseruumide tootmine, m\u00fc\u00fcmine ja rentimine. \u00d5dede Kaasikute toetaja aastast 2022. Liputehas.ee Liputehas O\u00dc on loodud 2003. aastal ja tema p\u00f5hitegevuseks on&hellip;","_links":{"self":[{"href":"https:\/\/skispirit.ee\/en\/wp-json\/wp\/v2\/pages\/2347","targetHints":{"allow":["GET"]}}],"collection":[{"href":"https:\/\/skispirit.ee\/en\/wp-json\/wp\/v2\/pages"}],"about":[{"href":"https:\/\/skispirit.ee\/en\/wp-json\/wp\/v2\/types\/page"}],"author":[{"embeddable":true,"href":"https:\/\/skispirit.ee\/en\/wp-json\/wp\/v2\/users\/1"}],"replies":[{"embeddable":true,"href":"https:\/\/skispirit.ee\/en\/wp-json\/wp\/v2\/comments?post=2347"}],"version-history":[{"count":38,"href":"https:\/\/skispirit.ee\/en\/wp-json\/wp\/v2\/pages\/2347\/revisions"}],"predecessor-version":[{"id":2827,"href":"https:\/\/skispirit.ee\/en\/wp-json\/wp\/v2\/pages\/2347\/revisions\/2827"}],"wp:attachment":[{"href":"https:\/\/skispirit.ee\/en\/wp-json\/wp\/v2\/media?parent=2347"}],"curies":[{"name":"wp","href":"https:\/\/api.w.org\/{rel}","templated":true}]}}